{"id":48,"date":"2017-03-13T07:21:58","date_gmt":"2017-03-13T07:21:58","guid":{"rendered":"https:\/\/caf-jesi.it\/site\/?page_id=48"},"modified":"2017-05-05T13:21:02","modified_gmt":"2017-05-05T13:21:02","slug":"servizi","status":"publish","type":"page","link":"https:\/\/caf-jesi.it\/site\/?page_id=48","title":{"rendered":"Servizi"},"content":{"rendered":"<ul style=\"list-style-type: square;\">\n<li><span style=\"font-family: 'book antiqua', palatino; font-size: large;\">Elaborazione paghe e consulenza del lavoro<\/span><\/li>\n<li><span style=\"font-family: 'book antiqua', palatino; font-size: large;\">Tariffazione ricette<\/span><\/li>\n<li><span style=\"font-family: 'book antiqua', palatino; font-size: large;\">Elaborazione dati contabili<\/span><\/li>\n<li><span style=\"font-family: 'book antiqua', palatino; font-size: large;\">Compravendita farmacie<\/span><\/li>\n<li><span style=\"font-family: 'book antiqua', palatino; font-size: large;\">Servizio tesoreria<\/span><\/li>\n<li><span style=\"font-family: 'book antiqua', palatino; font-size: large;\">Sicurezza sul lavoro<\/span><\/li>\n<li><span style=\"font-family: 'book antiqua', palatino; font-size: large;\">Privacy<\/span><\/li>\n<li><span style=\"font-family: 'book antiqua', palatino; font-size: large;\">Modelli unico &#8211; I.M.U. &#8211; Dichiarazione fiscali<\/span><\/li>\n<li><span style=\"font-family: 'book antiqua', palatino; font-size: large;\">Pianificazione finanziaria<\/span><\/li>\n<li><span style=\"font-family: 'book antiqua', palatino; font-size: large;\">Pratiche notarili<\/span><\/li>\n<li><span style=\"font-family: 'book antiqua', palatino; font-size: large;\">Assicurazioni<\/span><\/li>\n<li><span style=\"font-family: 'book antiqua', palatino; font-size: large;\">Studio legale &#8211; Diritto del lavoro &#8211; Penale e civile &#8211; Legislazione in materia sanitaria<\/span><\/li>\n<\/ul>\n<p>&nbsp;<\/p>\n<p>Da circa un ventennio il Centro Amministrativo Farmacie S.r.l. offre servizi di consulenza gestionale, amministrativa, fiscale e previdenziale rivolti in modo particolare alle farmacie, operando a livello nazionale, avvalendosi di collaboratori e professionisti di provata esperienza.<\/p>\n<p>Fine ultimo dello studio \u00e8 assicurare al farmacista ogni tipo di consulenza ed assistenza nelle varie fasi della sua attivit\u00e0 di titolare dell\u2019esercizio farmaceutico: dall&#8217;acquisizione dell\u2019azienda, al compimento delle operazioni giornaliere (con resoconti periodici sull&#8217;andamento della gestione e un costante aggiornamento sulle novit\u00e0 legislative in ambito farmaceutico) fino alla realizzazione di operazioni straordinarie di riorganizzazione aziendale, come la cessione, il conferimento o la trasformazione dell\u2019attivit\u00e0.<\/p>\n<p>Da sempre la nostra attenzione \u00e8 rivolta in primo luogo a soddisfare in modo esaustivo le esigenze dei nostri utenti. Accanto all&#8217;ordinaria attivit\u00e0 di elaborazione di dati contabili e cedolini paga, il Centro Amministrativo Farmacie S.r.l. mette molto altro a disposizione del titolare: un servizio tesoreria per l\u2019effettuazione dei pagamenti, condizioni di favore per l\u2019accesso al credito bancario e un servizio di tariffazione delle ricette SSN con l\u2019elaborazione della distinta riepilogativa mensile.<\/p>\n<p>A\u00a0fare la differenza per\u00f2 \u00e8 la professionalit\u00e0, la dedizione, l\u2019attenzione per il rapporto umano, la passione per il nostro lavoro e il confronto periodicamente cercato con i nostri utenti, per ricevere da loro il giusto feedback ed assisterli in una gestione proficua dell\u2019azienda.<\/p>\n<p>Per essere il\u00a0CENTRO SERVIZI\u00a0per la tua farmacia.<\/p>\n","protected":false},"excerpt":{"rendered":"<p>Elaborazione paghe e consulenza del lavoro Tariffazione ricette Elaborazione dati contabili Compravendita farmacie Servizio tesoreria Sicurezza sul lavoro Privacy Modelli &hellip;<\/p>\n","protected":false},"author":1,"featured_media":0,"parent":0,"menu_order":0,"comment_status":"closed","ping_status":"closed","template":"","meta":[],"_links":{"self":[{"href":"https:\/\/caf-jesi.it\/site\/index.php?rest_route=\/wp\/v2\/pages\/48"}],"collection":[{"href":"https:\/\/caf-jesi.it\/site\/index.php?rest_route=\/wp\/v2\/pages"}],"about":[{"href":"https:\/\/caf-jesi.it\/site\/index.php?rest_route=\/wp\/v2\/types\/page"}],"author":[{"embeddable":true,"href":"https:\/\/caf-jesi.it\/site\/index.php?rest_route=\/wp\/v2\/users\/1"}],"replies":[{"embeddable":true,"href":"https:\/\/caf-jesi.it\/site\/index.php?rest_route=%2Fwp%2Fv2%2Fcomments&post=48"}],"version-history":[{"count":6,"href":"https:\/\/caf-jesi.it\/site\/index.php?rest_route=\/wp\/v2\/pages\/48\/revisions"}],"predecessor-version":[{"id":129,"href":"https:\/\/caf-jesi.it\/site\/index.php?rest_route=\/wp\/v2\/pages\/48\/revisions\/129"}],"wp:attachment":[{"href":"https:\/\/caf-jesi.it\/site\/index.php?rest_route=%2Fwp%2Fv2%2Fmedia&parent=48"}],"curies":[{"name":"wp","href":"https:\/\/api.w.org\/{rel}","templated":true}]}}